{"id":124,"date":"2023-12-15T17:47:15","date_gmt":"2023-12-15T16:47:15","guid":{"rendered":"https:\/\/tpame-europe.org\/?page_id=124"},"modified":"2023-12-15T18:11:38","modified_gmt":"2023-12-15T17:11:38","slug":"spots-de-sensibilisation","status":"publish","type":"page","link":"https:\/\/tpame-europe.org\/index.php\/spots-de-sensibilisation\/","title":{"rendered":"Campagnes de sensibilisation"},"content":{"rendered":"\n<p class=\"has-black-color has-text-color has-link-color wp-elements-9db9f86102f8ecfe8f2661695bdf0eb5\">En 2016, un vaste campagne de sensibilisation est lanc\u00e9e sur tout le territoire marocain. A cette occasion,  <strong>Farid Dms Debah<\/strong>, membre actif de l&rsquo;organisation depuis 2008, produit et r\u00e9alise une s\u00e9rie de spots audiovisuels et affiches \u00e0 destination des t\u00e9l\u00e9visions et journaux du royaume.<\/p>\n\n\n\n<div style=\"height:20px\" aria-hidden=\"true\" class=\"wp-block-spacer\"><\/div>\n\n\n\n<figure class=\"wp-block-gallery aligncenter has-nested-images columns-1 wp-block-gallery-1 is-layout-flex wp-block-gallery-is-layout-flex\"><div class=\"wp-block-image\">\n<figure data-wp-context=\"{&quot;imageId&quot;:&quot;69e5b2a868348&quot;}\" data-wp-interactive=\"core\/image\" data-wp-key=\"69e5b2a868348\" class=\"aligncenter size-medium wp-lightbox-container\"><img loading=\"lazy\" decoding=\"async\" width=\"205\" height=\"300\" data-wp-class--hide=\"state.isContentHidden\" data-wp-class--show=\"state.isContentVisible\" data-wp-init=\"callbacks.setButtonStyles\" data-wp-on--click=\"actions.showLightbox\" data-wp-on--load=\"callbacks.setButtonStyles\" data-wp-on-window--resize=\"callbacks.setButtonStyles\" data-id=\"133\" src=\"https:\/\/tpame-europe.org\/wp-content\/uploads\/2023\/12\/Affiche-TPAME-Garcon-01-205x300.jpg\" alt=\"\" class=\"wp-image-133\" srcset=\"https:\/\/tpame-europe.org\/wp-content\/uploads\/2023\/12\/Affiche-TPAME-Garcon-01-205x300.jpg 205w, https:\/\/tpame-europe.org\/wp-content\/uploads\/2023\/12\/Affiche-TPAME-Garcon-01-698x1024.jpg 698w, https:\/\/tpame-europe.org\/wp-content\/uploads\/2023\/12\/Affiche-TPAME-Garcon-01-768x1126.jpg 768w, https:\/\/tpame-europe.org\/wp-content\/uploads\/2023\/12\/Affiche-TPAME-Garcon-01-1047x1536.jpg 1047w, https:\/\/tpame-europe.org\/wp-content\/uploads\/2023\/12\/Affiche-TPAME-Garcon-01-1396x2048.jpg 1396w, https:\/\/tpame-europe.org\/wp-content\/uploads\/2023\/12\/Affiche-TPAME-Garcon-01-41x60.jpg 41w, https:\/\/tpame-europe.org\/wp-content\/uploads\/2023\/12\/Affiche-TPAME-Garcon-01-scaled.jpg 1746w\" sizes=\"auto, (max-width: 205px) 100vw, 205px\" \/><button\n\t\t\tclass=\"lightbox-trigger\"\n\t\t\ttype=\"button\"\n\t\t\taria-haspopup=\"dialog\"\n\t\t\taria-label=\"Agrandir\"\n\t\t\tdata-wp-init=\"callbacks.initTriggerButton\"\n\t\t\tdata-wp-on--click=\"actions.showLightbox\"\n\t\t\tdata-wp-style--right=\"state.imageButtonRight\"\n\t\t\tdata-wp-style--top=\"state.imageButtonTop\"\n\t\t>\n\t\t\t<svg xmlns=\"http:\/\/www.w3.org\/2000\/svg\" width=\"12\" height=\"12\" fill=\"none\" viewBox=\"0 0 12 12\">\n\t\t\t\t<path fill=\"#fff\" d=\"M2 0a2 2 0 0 0-2 2v2h1.5V2a.5.5 0 0 1 .5-.5h2V0H2Zm2 10.5H2a.5.5 0 0 1-.5-.5V8H0v2a2 2 0 0 0 2 2h2v-1.5ZM8 12v-1.5h2a.5.5 0 0 0 .5-.5V8H12v2a2 2 0 0 1-2 2H8Zm2-12a2 2 0 0 1 2 2v2h-1.5V2a.5.5 0 0 0-.5-.5H8V0h2Z\" \/>\n\t\t\t<\/svg>\n\t\t<\/button><\/figure>\n<\/div>\n\n<div class=\"wp-block-image\">\n<figure data-wp-context=\"{&quot;imageId&quot;:&quot;69e5b2a868730&quot;}\" data-wp-interactive=\"core\/image\" data-wp-key=\"69e5b2a868730\" class=\"aligncenter size-medium wp-lightbox-container\"><img loading=\"lazy\" decoding=\"async\" width=\"205\" height=\"300\" data-wp-class--hide=\"state.isContentHidden\" data-wp-class--show=\"state.isContentVisible\" data-wp-init=\"callbacks.setButtonStyles\" data-wp-on--click=\"actions.showLightbox\" data-wp-on--load=\"callbacks.setButtonStyles\" data-wp-on-window--resize=\"callbacks.setButtonStyles\" data-id=\"131\" src=\"https:\/\/tpame-europe.org\/wp-content\/uploads\/2023\/12\/Affiche-TPAME-Fille-01-205x300.jpg\" alt=\"\" class=\"wp-image-131\" srcset=\"https:\/\/tpame-europe.org\/wp-content\/uploads\/2023\/12\/Affiche-TPAME-Fille-01-205x300.jpg 205w, https:\/\/tpame-europe.org\/wp-content\/uploads\/2023\/12\/Affiche-TPAME-Fille-01-698x1024.jpg 698w, https:\/\/tpame-europe.org\/wp-content\/uploads\/2023\/12\/Affiche-TPAME-Fille-01-768x1126.jpg 768w, https:\/\/tpame-europe.org\/wp-content\/uploads\/2023\/12\/Affiche-TPAME-Fille-01-1047x1536.jpg 1047w, https:\/\/tpame-europe.org\/wp-content\/uploads\/2023\/12\/Affiche-TPAME-Fille-01-1396x2048.jpg 1396w, https:\/\/tpame-europe.org\/wp-content\/uploads\/2023\/12\/Affiche-TPAME-Fille-01-41x60.jpg 41w, https:\/\/tpame-europe.org\/wp-content\/uploads\/2023\/12\/Affiche-TPAME-Fille-01-scaled.jpg 1746w\" sizes=\"auto, (max-width: 205px) 100vw, 205px\" \/><button\n\t\t\tclass=\"lightbox-trigger\"\n\t\t\ttype=\"button\"\n\t\t\taria-haspopup=\"dialog\"\n\t\t\taria-label=\"Agrandir\"\n\t\t\tdata-wp-init=\"callbacks.initTriggerButton\"\n\t\t\tdata-wp-on--click=\"actions.showLightbox\"\n\t\t\tdata-wp-style--right=\"state.imageButtonRight\"\n\t\t\tdata-wp-style--top=\"state.imageButtonTop\"\n\t\t>\n\t\t\t<svg xmlns=\"http:\/\/www.w3.org\/2000\/svg\" width=\"12\" height=\"12\" fill=\"none\" viewBox=\"0 0 12 12\">\n\t\t\t\t<path fill=\"#fff\" d=\"M2 0a2 2 0 0 0-2 2v2h1.5V2a.5.5 0 0 1 .5-.5h2V0H2Zm2 10.5H2a.5.5 0 0 1-.5-.5V8H0v2a2 2 0 0 0 2 2h2v-1.5ZM8 12v-1.5h2a.5.5 0 0 0 .5-.5V8H12v2a2 2 0 0 1-2 2H8Zm2-12a2 2 0 0 1 2 2v2h-1.5V2a.5.5 0 0 0-.5-.5H8V0h2Z\" \/>\n\t\t\t<\/svg>\n\t\t<\/button><\/figure>\n<\/div>\n\n<div class=\"wp-block-image\">\n<figure data-wp-context=\"{&quot;imageId&quot;:&quot;69e5b2a868d0d&quot;}\" data-wp-interactive=\"core\/image\" data-wp-key=\"69e5b2a868d0d\" class=\"aligncenter size-medium wp-lightbox-container\"><img loading=\"lazy\" decoding=\"async\" width=\"300\" height=\"225\" data-wp-class--hide=\"state.isContentHidden\" data-wp-class--show=\"state.isContentVisible\" data-wp-init=\"callbacks.setButtonStyles\" data-wp-on--click=\"actions.showLightbox\" data-wp-on--load=\"callbacks.setButtonStyles\" data-wp-on-window--resize=\"callbacks.setButtonStyles\" data-id=\"134\" src=\"https:\/\/tpame-europe.org\/wp-content\/uploads\/2023\/12\/Affiche-TPAME-Garcon-02-300x225.jpg\" alt=\"\" class=\"wp-image-134\" srcset=\"https:\/\/tpame-europe.org\/wp-content\/uploads\/2023\/12\/Affiche-TPAME-Garcon-02-300x225.jpg 300w, https:\/\/tpame-europe.org\/wp-content\/uploads\/2023\/12\/Affiche-TPAME-Garcon-02-1024x768.jpg 1024w, https:\/\/tpame-europe.org\/wp-content\/uploads\/2023\/12\/Affiche-TPAME-Garcon-02-768x576.jpg 768w, https:\/\/tpame-europe.org\/wp-content\/uploads\/2023\/12\/Affiche-TPAME-Garcon-02-1536x1152.jpg 1536w, https:\/\/tpame-europe.org\/wp-content\/uploads\/2023\/12\/Affiche-TPAME-Garcon-02-80x60.jpg 80w, https:\/\/tpame-europe.org\/wp-content\/uploads\/2023\/12\/Affiche-TPAME-Garcon-02.jpg 1772w\" sizes=\"auto, (max-width: 300px) 100vw, 300px\" \/><button\n\t\t\tclass=\"lightbox-trigger\"\n\t\t\ttype=\"button\"\n\t\t\taria-haspopup=\"dialog\"\n\t\t\taria-label=\"Agrandir\"\n\t\t\tdata-wp-init=\"callbacks.initTriggerButton\"\n\t\t\tdata-wp-on--click=\"actions.showLightbox\"\n\t\t\tdata-wp-style--right=\"state.imageButtonRight\"\n\t\t\tdata-wp-style--top=\"state.imageButtonTop\"\n\t\t>\n\t\t\t<svg xmlns=\"http:\/\/www.w3.org\/2000\/svg\" width=\"12\" height=\"12\" fill=\"none\" viewBox=\"0 0 12 12\">\n\t\t\t\t<path fill=\"#fff\" d=\"M2 0a2 2 0 0 0-2 2v2h1.5V2a.5.5 0 0 1 .5-.5h2V0H2Zm2 10.5H2a.5.5 0 0 1-.5-.5V8H0v2a2 2 0 0 0 2 2h2v-1.5ZM8 12v-1.5h2a.5.5 0 0 0 .5-.5V8H12v2a2 2 0 0 1-2 2H8Zm2-12a2 2 0 0 1 2 2v2h-1.5V2a.5.5 0 0 0-.5-.5H8V0h2Z\" \/>\n\t\t\t<\/svg>\n\t\t<\/button><\/figure>\n<\/div>\n\n<div class=\"wp-block-image\">\n<figure data-wp-context=\"{&quot;imageId&quot;:&quot;69e5b2a8691ce&quot;}\" data-wp-interactive=\"core\/image\" data-wp-key=\"69e5b2a8691ce\" class=\"aligncenter size-medium wp-lightbox-container\"><img loading=\"lazy\" decoding=\"async\" width=\"300\" height=\"225\" data-wp-class--hide=\"state.isContentHidden\" data-wp-class--show=\"state.isContentVisible\" data-wp-init=\"callbacks.setButtonStyles\" data-wp-on--click=\"actions.showLightbox\" data-wp-on--load=\"callbacks.setButtonStyles\" data-wp-on-window--resize=\"callbacks.setButtonStyles\" data-id=\"132\" src=\"https:\/\/tpame-europe.org\/wp-content\/uploads\/2023\/12\/Affiche-TPAME-Fille-02-300x225.jpg\" alt=\"\" class=\"wp-image-132\" srcset=\"https:\/\/tpame-europe.org\/wp-content\/uploads\/2023\/12\/Affiche-TPAME-Fille-02-300x225.jpg 300w, https:\/\/tpame-europe.org\/wp-content\/uploads\/2023\/12\/Affiche-TPAME-Fille-02-1024x768.jpg 1024w, https:\/\/tpame-europe.org\/wp-content\/uploads\/2023\/12\/Affiche-TPAME-Fille-02-768x576.jpg 768w, https:\/\/tpame-europe.org\/wp-content\/uploads\/2023\/12\/Affiche-TPAME-Fille-02-1536x1152.jpg 1536w, https:\/\/tpame-europe.org\/wp-content\/uploads\/2023\/12\/Affiche-TPAME-Fille-02-80x60.jpg 80w, https:\/\/tpame-europe.org\/wp-content\/uploads\/2023\/12\/Affiche-TPAME-Fille-02.jpg 1772w\" sizes=\"auto, (max-width: 300px) 100vw, 300px\" \/><button\n\t\t\tclass=\"lightbox-trigger\"\n\t\t\ttype=\"button\"\n\t\t\taria-haspopup=\"dialog\"\n\t\t\taria-label=\"Agrandir\"\n\t\t\tdata-wp-init=\"callbacks.initTriggerButton\"\n\t\t\tdata-wp-on--click=\"actions.showLightbox\"\n\t\t\tdata-wp-style--right=\"state.imageButtonRight\"\n\t\t\tdata-wp-style--top=\"state.imageButtonTop\"\n\t\t>\n\t\t\t<svg xmlns=\"http:\/\/www.w3.org\/2000\/svg\" width=\"12\" height=\"12\" fill=\"none\" viewBox=\"0 0 12 12\">\n\t\t\t\t<path fill=\"#fff\" d=\"M2 0a2 2 0 0 0-2 2v2h1.5V2a.5.5 0 0 1 .5-.5h2V0H2Zm2 10.5H2a.5.5 0 0 1-.5-.5V8H0v2a2 2 0 0 0 2 2h2v-1.5ZM8 12v-1.5h2a.5.5 0 0 0 .5-.5V8H12v2a2 2 0 0 1-2 2H8Zm2-12a2 2 0 0 1 2 2v2h-1.5V2a.5.5 0 0 0-.5-.5H8V0h2Z\" \/>\n\t\t\t<\/svg>\n\t\t<\/button><\/figure>\n<\/div><\/figure>\n\n\n\n<div style=\"height:50px\" aria-hidden=\"true\" class=\"wp-block-spacer\"><\/div>\n\n\n\n<iframe loading=\"lazy\" width=\"560\" height=\"315\" src=\"https:\/\/www.youtube.com\/embed\/eQeuD9vOhrg?si=TS7O-r7WV1LSEYwe\" title=\"YouTube video player\" frameborder=\"0\" allow=\"accelerometer; autoplay; clipboard-write; encrypted-media; gyroscope; picture-in-picture; web-share\" allowfullscreen><\/iframe>\n\n\n\n<div style=\"height:50px\" aria-hidden=\"true\" class=\"wp-block-spacer\"><\/div>\n\n\n\n<iframe loading=\"lazy\" width=\"560\" height=\"315\" src=\"https:\/\/www.youtube.com\/embed\/KoVaDjyRGR4?si=aXmYHY-XeIRtfkVp\" title=\"YouTube video player\" frameborder=\"0\" allow=\"accelerometer; autoplay; clipboard-write; encrypted-media; gyroscope; picture-in-picture; web-share\" allowfullscreen><\/iframe>\n\n\n\n<div style=\"height:100px\" aria-hidden=\"true\" class=\"wp-block-spacer\"><\/div>\n\n\n<div class=\"wp-block-image\">\n<figure class=\"aligncenter size-full\"><img loading=\"lazy\" decoding=\"async\" width=\"150\" height=\"150\" src=\"https:\/\/tpame-europe.org\/wp-content\/uploads\/2023\/12\/cropped-TPAME-Europe.jpg\" alt=\"\" class=\"wp-image-12\" srcset=\"https:\/\/tpame-europe.org\/wp-content\/uploads\/2023\/12\/cropped-TPAME-Europe.jpg 150w, https:\/\/tpame-europe.org\/wp-content\/uploads\/2023\/12\/cropped-TPAME-Europe-60x60.jpg 60w\" sizes=\"auto, (max-width: 150px) 100vw, 150px\" \/><\/figure>\n<\/div>","protected":false},"excerpt":{"rendered":"<p>En 2016, un vaste campagne de sensibilisation est lanc\u00e9e sur tout le territoire marocain. A cette occasion, Farid Dms Debah, membre actif de l&rsquo;organisation depuis 2008, produit et r\u00e9alise une s\u00e9rie de spots audiovisuels et affiches \u00e0 destination des t\u00e9l\u00e9visions et journaux du royaume.<\/p>\n","protected":false},"author":1,"featured_media":0,"parent":0,"menu_order":0,"comment_status":"closed","ping_status":"closed","template":"","meta":{"neve_meta_sidebar":"","neve_meta_container":"","neve_meta_enable_content_width":"","neve_meta_content_width":0,"neve_meta_title_alignment":"","neve_meta_author_avatar":"","neve_post_elements_order":"","neve_meta_disable_header":"","neve_meta_disable_footer":"","neve_meta_disable_title":"","footnotes":""},"class_list":["post-124","page","type-page","status-publish","hentry"],"_links":{"self":[{"href":"https:\/\/tpame-europe.org\/index.php\/wp-json\/wp\/v2\/pages\/124","targetHints":{"allow":["GET"]}}],"collection":[{"href":"https:\/\/tpame-europe.org\/index.php\/wp-json\/wp\/v2\/pages"}],"about":[{"href":"https:\/\/tpame-europe.org\/index.php\/wp-json\/wp\/v2\/types\/page"}],"author":[{"embeddable":true,"href":"https:\/\/tpame-europe.org\/index.php\/wp-json\/wp\/v2\/users\/1"}],"replies":[{"embeddable":true,"href":"https:\/\/tpame-europe.org\/index.php\/wp-json\/wp\/v2\/comments?post=124"}],"version-history":[{"count":5,"href":"https:\/\/tpame-europe.org\/index.php\/wp-json\/wp\/v2\/pages\/124\/revisions"}],"predecessor-version":[{"id":138,"href":"https:\/\/tpame-europe.org\/index.php\/wp-json\/wp\/v2\/pages\/124\/revisions\/138"}],"wp:attachment":[{"href":"https:\/\/tpame-europe.org\/index.php\/wp-json\/wp\/v2\/media?parent=124"}],"curies":[{"name":"wp","href":"https:\/\/api.w.org\/{rel}","templated":true}]}}