{"id":17,"date":"2023-12-13T20:50:33","date_gmt":"2023-12-13T19:50:33","guid":{"rendered":"http:\/\/tpame-europe.org\/?page_id=17"},"modified":"2023-12-15T16:10:33","modified_gmt":"2023-12-15T15:10:33","slug":"faire-un-don","status":"publish","type":"page","link":"https:\/\/tpame-europe.org\/index.php\/faire-un-don\/","title":{"rendered":"Faire un don"},"content":{"rendered":"\n<ul class=\"wp-block-list\">\n<iframe id=\"haWidget\" allowtransparency=\"true\" scrolling=\"auto\" src=\"https:\/\/www.helloasso.com\/associations\/touche-pas-a-mon-enfant-europe\/formulaires\/1\/widget\" style=\"width: 100%; height: 750px; border: none;\"><\/iframe>\n<\/ul>\n\n\n\n<p><strong><span style=\"background-color:rgba(0, 0, 0, 0)\" class=\"has-inline-color has-black-color\">HelloAsso : site internet 100% s\u00e9curis\u00e9<\/span><\/strong><\/p>\n\n\n\n<p><span style=\"background-color:rgba(0, 0, 0, 0)\" class=\"has-inline-color has-black-color\">Toutes les informations bancaires pour traiter le paiement sont crypt\u00e9es gr\u00e2ce au protocole SSL. Elles ne sont en aucun cas conserv\u00e9es sur nos syst\u00e8mes informatiques. La transaction sera valid\u00e9e par 3D secure.<\/span> <\/p>\n\n\n\n<p><strong><span class=\"has-inline-color has-black-color\">Respect de la vie priv\u00e9e<\/span><\/strong><\/p>\n\n\n\n<p><span style=\"background-color:rgba(0, 0, 0, 0)\" class=\"has-inline-color has-black-color\">Conform\u00e9ment \u00e0 la loi \u00ab\u00a0informatique et libert\u00e9s\u00a0\u00bb du 6 janvier 1978, vous b\u00e9n\u00e9ficiez d&rsquo;un droit d&rsquo;information, d&rsquo;acc\u00e8s et de rectification des donn\u00e9es qui vous concernent, que vous pouvez exercer en nous en adressant la demande.<\/span><\/p>\n\n\n\n<div style=\"height:100px\" aria-hidden=\"true\" class=\"wp-block-spacer\"><\/div>\n\n\n<div class=\"wp-block-image\">\n<figure class=\"aligncenter size-full\"><img loading=\"lazy\" decoding=\"async\" width=\"150\" height=\"150\" src=\"https:\/\/tpame-europe.org\/wp-content\/uploads\/2023\/12\/cropped-TPAME-Europe.jpg\" alt=\"\" class=\"wp-image-12\" srcset=\"https:\/\/tpame-europe.org\/wp-content\/uploads\/2023\/12\/cropped-TPAME-Europe.jpg 150w, https:\/\/tpame-europe.org\/wp-content\/uploads\/2023\/12\/cropped-TPAME-Europe-60x60.jpg 60w\" sizes=\"auto, (max-width: 150px) 100vw, 150px\" \/><\/figure>\n<\/div>","protected":false},"excerpt":{"rendered":"<p>HelloAsso : site internet 100% s\u00e9curis\u00e9 Toutes les informations bancaires pour traiter le paiement sont crypt\u00e9es gr\u00e2ce au protocole SSL. Elles ne sont en aucun cas conserv\u00e9es sur nos syst\u00e8mes informatiques. La transaction sera valid\u00e9e par 3D secure. Respect de la vie priv\u00e9e Conform\u00e9ment \u00e0 la loi \u00ab\u00a0informatique et libert\u00e9s\u00a0\u00bb du 6 janvier 1978, vous&hellip;&nbsp;<\/p>\n","protected":false},"author":1,"featured_media":0,"parent":0,"menu_order":0,"comment_status":"closed","ping_status":"closed","template":"","meta":{"neve_meta_sidebar":"","neve_meta_container":"","neve_meta_enable_content_width":"","neve_meta_content_width":0,"neve_meta_title_alignment":"","neve_meta_author_avatar":"","neve_post_elements_order":"","neve_meta_disable_header":"","neve_meta_disable_footer":"","neve_meta_disable_title":"","footnotes":""},"class_list":["post-17","page","type-page","status-publish","hentry"],"_links":{"self":[{"href":"https:\/\/tpame-europe.org\/index.php\/wp-json\/wp\/v2\/pages\/17","targetHints":{"allow":["GET"]}}],"collection":[{"href":"https:\/\/tpame-europe.org\/index.php\/wp-json\/wp\/v2\/pages"}],"about":[{"href":"https:\/\/tpame-europe.org\/index.php\/wp-json\/wp\/v2\/types\/page"}],"author":[{"embeddable":true,"href":"https:\/\/tpame-europe.org\/index.php\/wp-json\/wp\/v2\/users\/1"}],"replies":[{"embeddable":true,"href":"https:\/\/tpame-europe.org\/index.php\/wp-json\/wp\/v2\/comments?post=17"}],"version-history":[{"count":4,"href":"https:\/\/tpame-europe.org\/index.php\/wp-json\/wp\/v2\/pages\/17\/revisions"}],"predecessor-version":[{"id":99,"href":"https:\/\/tpame-europe.org\/index.php\/wp-json\/wp\/v2\/pages\/17\/revisions\/99"}],"wp:attachment":[{"href":"https:\/\/tpame-europe.org\/index.php\/wp-json\/wp\/v2\/media?parent=17"}],"curies":[{"name":"wp","href":"https:\/\/api.w.org\/{rel}","templated":true}]}}