{"id":200,"date":"2024-05-24T12:49:18","date_gmt":"2024-05-24T10:49:18","guid":{"rendered":"https:\/\/tpame-europe.org\/?page_id=200"},"modified":"2024-10-15T21:31:38","modified_gmt":"2024-10-15T19:31:38","slug":"elections-europeennes-2024","status":"publish","type":"page","link":"https:\/\/tpame-europe.org\/index.php\/elections-europeennes-2024\/","title":{"rendered":"Elections europ\u00e9ennes 2024"},"content":{"rendered":"\n<p>Notre association, accompagn\u00e9e par une dizaine d&rsquo;associations, collectifs et canaux d&rsquo;informations, a interpell\u00e9 les candidats t\u00eate de liste aux prochaines \u00e9lections europ\u00e9ennes qui se d\u00e9rouleront le 9 juin 2024. L&rsquo;objectif de ce courrier est de conna\u00eetre leur positionnement et leur programme face au fl\u00e9au qui gangr\u00e8ne notre pays : la p\u00e9docriminalit\u00e9.<\/p>\n\n\n\n<p><strong>Voici le courrier que nous leur avons adress\u00e9 :<\/strong><\/p>\n\n\n\n<figure class=\"wp-block-gallery aligncenter has-nested-images columns-4 is-cropped wp-block-gallery-1 is-layout-flex wp-block-gallery-is-layout-flex\">\n<figure class=\"wp-block-image size-full\"><a href=\"https:\/\/tpame-europe.org\/wp-content\/uploads\/2024\/10\/Demande-Candidats-Europeennes-01.jpg\" target=\"_blank\" rel=\"noreferrer noopener\"><img loading=\"lazy\" decoding=\"async\" width=\"596\" height=\"841\" data-id=\"291\" src=\"https:\/\/tpame-europe.org\/wp-content\/uploads\/2024\/10\/Demande-Candidats-Europeennes-01.jpg\" alt=\"\" class=\"wp-image-291\" srcset=\"https:\/\/tpame-europe.org\/wp-content\/uploads\/2024\/10\/Demande-Candidats-Europeennes-01.jpg 596w, https:\/\/tpame-europe.org\/wp-content\/uploads\/2024\/10\/Demande-Candidats-Europeennes-01-213x300.jpg 213w\" sizes=\"auto, (max-width: 596px) 100vw, 596px\" \/><\/a><\/figure>\n\n\n\n<figure class=\"wp-block-image size-full\"><a href=\"https:\/\/tpame-europe.org\/wp-content\/uploads\/2024\/10\/Demande-Candidats-Europeennes-02.jpg\" target=\"_blank\" rel=\"noreferrer noopener\"><img loading=\"lazy\" decoding=\"async\" width=\"596\" height=\"841\" data-id=\"289\" src=\"https:\/\/tpame-europe.org\/wp-content\/uploads\/2024\/10\/Demande-Candidats-Europeennes-02.jpg\" alt=\"\" class=\"wp-image-289\" srcset=\"https:\/\/tpame-europe.org\/wp-content\/uploads\/2024\/10\/Demande-Candidats-Europeennes-02.jpg 596w, https:\/\/tpame-europe.org\/wp-content\/uploads\/2024\/10\/Demande-Candidats-Europeennes-02-213x300.jpg 213w\" sizes=\"auto, (max-width: 596px) 100vw, 596px\" \/><\/a><\/figure>\n\n\n\n<figure class=\"wp-block-image size-full\"><a href=\"https:\/\/tpame-europe.org\/wp-content\/uploads\/2024\/10\/Demande-Candidats-Europeennes-03.jpg\" target=\"_blank\" rel=\"noreferrer noopener\"><img loading=\"lazy\" decoding=\"async\" width=\"596\" height=\"841\" data-id=\"292\" src=\"https:\/\/tpame-europe.org\/wp-content\/uploads\/2024\/10\/Demande-Candidats-Europeennes-03.jpg\" alt=\"\" class=\"wp-image-292\" srcset=\"https:\/\/tpame-europe.org\/wp-content\/uploads\/2024\/10\/Demande-Candidats-Europeennes-03.jpg 596w, https:\/\/tpame-europe.org\/wp-content\/uploads\/2024\/10\/Demande-Candidats-Europeennes-03-213x300.jpg 213w\" sizes=\"auto, (max-width: 596px) 100vw, 596px\" \/><\/a><\/figure>\n\n\n\n<figure class=\"wp-block-image size-full\"><a href=\"https:\/\/tpame-europe.org\/wp-content\/uploads\/2024\/10\/Demande-Candidats-Europeennes-04.jpg\" target=\"_blank\" rel=\"noreferrer noopener\"><img loading=\"lazy\" decoding=\"async\" width=\"596\" height=\"841\" data-id=\"290\" src=\"https:\/\/tpame-europe.org\/wp-content\/uploads\/2024\/10\/Demande-Candidats-Europeennes-04.jpg\" alt=\"\" class=\"wp-image-290\" srcset=\"https:\/\/tpame-europe.org\/wp-content\/uploads\/2024\/10\/Demande-Candidats-Europeennes-04.jpg 596w, https:\/\/tpame-europe.org\/wp-content\/uploads\/2024\/10\/Demande-Candidats-Europeennes-04-213x300.jpg 213w\" sizes=\"auto, (max-width: 596px) 100vw, 596px\" \/><\/a><\/figure>\n<\/figure>\n\n\n\n<div style=\"height:20px\" aria-hidden=\"true\" class=\"wp-block-spacer\"><\/div>\n\n\n\n<figure class=\"wp-block-embed aligncenter is-type-video is-provider-youtube wp-block-embed-youtube wp-embed-aspect-16-9 wp-has-aspect-ratio\"><div class=\"wp-block-embed__wrapper\">\n<div class=\"nv-iframe-embed\"><iframe loading=\"lazy\" title=\"J&#039;interpelle les candidats t\u00eate de liste aux prochaines \u00e9lections europ\u00e9ennes\" width=\"1200\" height=\"675\" src=\"https:\/\/www.youtube.com\/embed\/aTwB-w2GyJ8?feature=oembed\" frameborder=\"0\" allow=\"accelerometer; autoplay; clipboard-write; encrypted-media; gyroscope; picture-in-picture; web-share\" referrerpolicy=\"strict-origin-when-cross-origin\" allowfullscreen><\/iframe><\/div>\n<\/div><\/figure>\n\n\n\n<hr class=\"wp-block-separator has-alpha-channel-opacity\"\/>\n\n\n\n<p><strong>Voici les 37 candidats \u00e0 l&rsquo;\u00e9lection des repr\u00e9sentants au Parlement europ\u00e9en des 8 et 9 juin 2024 <\/strong>(<a href=\"https:\/\/www.legifrance.gouv.fr\/jorf\/id\/JORFTEXT000049548294\" target=\"_blank\" rel=\"noreferrer noopener\">tel que d\u00e9fini par l&rsquo;arr\u00eat\u00e9 du 17 mai 2024<\/a>) :<\/p>\n\n\n\n<div class=\"wp-block-group is-vertical is-layout-flex wp-container-core-group-is-layout-8cf370e7 wp-block-group-is-layout-flex\">\n<div class=\"wp-block-group is-vertical is-layout-flex wp-container-core-group-is-layout-8cf370e7 wp-block-group-is-layout-flex\">\n<div class=\"wp-block-group is-vertical is-layout-flex wp-container-core-group-is-layout-8cf370e7 wp-block-group-is-layout-flex\">\n<div class=\"wp-block-group is-vertical is-layout-flex wp-container-core-group-is-layout-8cf370e7 wp-block-group-is-layout-flex\">\n<p class=\"has-small-font-size\">LISTE N\u00b0 1 : POUR UNE HUMANITE SOUVERAINE &#8211; <strong>M. FID\u00c8L&rsquo;<\/strong><\/p>\n\n\n\n<p class=\"has-small-font-size\">LISTE N\u00b0 2 : POUR UNE DEMOCRATIE REELLE : DECIDONS NOUS-MEMES ! &#8211; <strong>M. PONGE Philippe<\/strong><\/p>\n\n\n\n<p class=\"has-small-font-size\">LISTE N\u00b0 3 : LA FRANCE FIERE, MENEE PAR MARION MARECHAL ET SOUTENUE PAR \u00c9RIC ZEMMOUR &#8211; <strong>Mme MAR\u00c9CHAL Marion<\/strong><\/p>\n\n\n\n<p class=\"has-small-font-size\">LISTE N\u00b0 4 : LA FRANCE INSOUMISE &#8211; UNION POPULAIRE &#8211; <strong>Mme AUBRY Manon<\/strong><\/p>\n\n\n\n<p class=\"has-small-font-size\">LISTE N\u00b0 5 : LA FRANCE REVIENT ! AVEC JORDAN BARDELLA ET MARINE LE PEN &#8211; <strong>M. BARDELLA Jordan<\/strong><\/p>\n\n\n\n<p class=\"has-small-font-size\">LISTE N\u00b0 6 : EUROPE ECOLOGIE &#8211; <strong>Mme TOUSSAINT Marie<\/strong><\/p>\n\n\n\n<p class=\"has-small-font-size\">LISTE N\u00b0 7 : FREE PALESTINE &#8211; <strong>M. AZERGUI Nagib<\/strong><\/p>\n\n\n\n<p class=\"has-small-font-size\">LISTE N\u00b0 8 : PARTI ANIMALISTE &#8211; LES ANIMAUX COMPTENT, VOTRE VOIX AUSSI &#8211; <strong>Mme THOUY H\u00e9l\u00e8ne<\/strong><\/p>\n\n\n\n<p class=\"has-small-font-size\">LISTE N\u00b0 9 : PARTI REVOLUTIONNAIRE COMMUNISTES &#8211; <strong>M. TERRIEN Olivier<\/strong><\/p>\n\n\n\n<p class=\"has-small-font-size\">LISTE N\u00b0 10 : PARTI PIRATE &#8211; <strong>Mme ZORN Caroline<\/strong><\/p>\n\n\n\n<p class=\"has-small-font-size\">LISTE N\u00b0 11 : BESOIN D&rsquo;EUROPE &#8211; <strong>Mme HAYER Val\u00e9rie<\/strong><\/p>\n\n\n\n<p class=\"has-small-font-size\">LISTE N\u00b0 12 : PACE &#8211; PARTI DES CITOYENS EUROPEENS, POUR L&rsquo;ARMEE EUROPEENNE, POUR L&rsquo;EUROPE SOCIALE, POUR LA PLANETE ! &#8211; <strong>M. ALEXANDRE Audric<\/strong><\/p>\n\n\n\n<p class=\"has-small-font-size\">LISTE N\u00b0 13 : \u00c9QUINOXE : \u00c9COLOGIE PRATIQUE ET RENOUVEAU D\u00c9MOCRATIQUE &#8211; <strong>Mme CHOLLEY Marine<\/strong><\/p>\n\n\n\n<p class=\"has-small-font-size\">LISTE N\u00b0 14 : ECOLOGIE POSITIVE ET TERRITOIRES &#8211; <strong>M. WEHRLING Yann<\/strong><\/p>\n\n\n\n<p class=\"has-small-font-size\">LISTE N\u00b0 15 : LISTE ASSELINEAU-FREXIT, POUR LE POUVOIR D&rsquo;ACHAT ET POUR LA PAIX &#8211; <strong>M. ASSELINEAU Fran\u00e7ois<\/strong><\/p>\n\n\n\n<p class=\"has-small-font-size\">LISTE N\u00b0 16 : PAIX ET DECROISSANCE &#8211; <strong>M. SIMONIN Michel<\/strong><\/p>\n\n\n\n<p class=\"has-small-font-size\">LISTE N\u00b0 17 : POUR UNE AUTRE EUROPE &#8211; <strong>M. FORTAN\u00c9 Jean-Marc<\/strong><\/p>\n\n\n\n<p class=\"has-small-font-size\">LISTE N\u00b0 18 : LA DROITE POUR FAIRE ENTENDRE LA VOIX DE LA FRANCE EN EUROPE &#8211; <strong>M. BELLAMY Fran\u00e7ois-Xavier<\/strong><\/p>\n\n\n\n<p class=\"has-small-font-size\">LISTE N\u00b0 19 : LUTTE OUVRIERE LE CAMP DES TRAVAILLEURS &#8211; <strong>Mme ARTHAUD Nathalie<\/strong><\/p>\n\n\n\n<p class=\"has-small-font-size\">LISTE N\u00b0 20 : CHANGER L&rsquo;EUROPE &#8211; <strong>M. LARROUTUROU Pierre<\/strong><\/p>\n\n\n\n<p class=\"has-small-font-size\">LISTE N\u00b0 21 : NOUS LE PEUPLE &#8211; <strong>M. RENARD-KUZMANOVIC Georges<\/strong><\/p>\n\n\n\n<p class=\"has-small-font-size\">LISTE N\u00b0 22 : POUR UN MONDE SANS FRONTIERES NI PATRONS, URGENCE REVOLUTION ! &#8211; <strong>Mme LABIB Selma<\/strong><\/p>\n\n\n\n<p class=\"has-small-font-size\">LISTE N\u00b0 23 : \u00ab POUR LE PAIN, LA PAIX, LA LIBERTE ! \u00bb PRESENTEE PAR LE PARTI DES TRAVAILLEURS &#8211; <strong>Mme ADOUE Camille<\/strong><\/p>\n\n\n\n<p class=\"has-small-font-size\">LISTE N\u00b0 24 : L&rsquo;EUROPE \u00c7A SUFFIT ! &#8211; <strong>M. PHILIPPOT Florian<\/strong><\/p>\n\n\n\n<p class=\"has-small-font-size\">LISTE N\u00b0 25 : NON ! PRENONS-NOUS EN MAINS &#8211; <strong>M. HUSSON Edouard<\/strong><\/p>\n\n\n\n<p class=\"has-small-font-size\">LISTE N\u00b0 26 : FORTERESSE EUROPE &#8211; LISTE D&rsquo;UNITE NATIONALISTE &#8211; <strong>M. BONNEAU Pierre-Marie<\/strong><\/p>\n\n\n\n<p class=\"has-small-font-size\">LISTE N\u00b0 27 : REVEILLER L&rsquo;EUROPE &#8211; <strong>M. GLUCKSMANN Rapha\u00ebl<\/strong><\/p>\n\n\n\n<p class=\"has-small-font-size\">LISTE N\u00b0 28 : NON A L&rsquo;UE ET A L&rsquo;OTAN, COMMUNISTES POUR LA PAIX ET LE PROGRES SOCIAL &#8211; <strong>M. HOAREAU Charles<\/strong><\/p>\n\n\n\n<p class=\"has-small-font-size\">LISTE N\u00b0 29 : ALLIANCE RURALE &#8211; <strong>M. LASSALLE Jean<\/strong><\/p>\n\n\n\n<p class=\"has-small-font-size\">LISTE N\u00b0 30 : FRANCE LIBRE &#8211; <strong>M. LALANNE Francis<\/strong><\/p>\n\n\n\n<p class=\"has-small-font-size\">LISTE N\u00b0 31 : EUROPE TERRITOIRES \u00c9COLOGIE &#8211; <strong>M. LACROIX Guillaume<\/strong><\/p>\n\n\n\n<p class=\"has-small-font-size\">LISTE N\u00b0 32 : LA RUCHE CITOYENNE &#8211; <strong>Mme ELMAYAN Lorys<\/strong><\/p>\n\n\n\n<p class=\"has-small-font-size\">LISTE N\u00b0 33 : GAUCHE UNIE POUR LE MONDE DU TRAVAIL SOUTENUE PAR FABIEN ROUSSEL &#8211; <strong>M. DEFFONTAINES L\u00e9on<\/strong><\/p>\n\n\n\n<p class=\"has-small-font-size\">LISTE N\u00b0 34 : DEFENDRE LES ENFANTS &#8211; <strong>M. COSTE-MEUNIER Ga\u00ebl<\/strong><\/p>\n\n\n\n<p class=\"has-small-font-size\">LISTE N\u00b0 35 : \u00c9COLOGIE AU CENTRE &#8211; <strong>M. GOVERNATORI Jean Marc<\/strong><\/p>\n\n\n\n<p class=\"has-small-font-size\">LISTE N\u00b0 36 : DEMOCRATIE REPRESENTATIVE &#8211; <strong>M. TRAOR\u00c9 Hamada<\/strong><\/p>\n\n\n\n<p class=\"has-small-font-size\">LISTE N\u00b0 37 : ESPERANTO LANGUE COMMUNE &#8211; <strong>Mme PATAS D&rsquo;ILLIERS Laure<\/strong><\/p>\n<\/div>\n<\/div>\n<\/div>\n<\/div>\n\n\n\n<div style=\"height:50px\" aria-hidden=\"true\" class=\"wp-block-spacer\"><\/div>\n\n\n\n<p>Sur les 37 candidats seuls trois ont eu la courtoisie de nous r\u00e9pondre : <strong>Mme Laure Patas d&rsquo;Illiers<\/strong> du parti <em>Europe D\u00e9mocratie Esp\u00e9ranto<\/em>, <strong>M. Pierre Larrouturou<\/strong> du parti <em>Nouvelle Donne<\/em> et <strong>M. Florian Philippot<\/strong> du parti <em>les Patriotes<\/em>. Voici leur r\u00e9ponse :<\/p>\n\n\n\n<figure class=\"wp-block-gallery has-nested-images columns-4 is-cropped wp-block-gallery-2 is-layout-flex wp-block-gallery-is-layout-flex\">\n<figure class=\"wp-block-image size-large\"><a href=\"https:\/\/tpame-europe.org\/wp-content\/uploads\/2024\/10\/Reponse-Cadidate-Laure-Patas-dIlliers.jpg\" target=\"_blank\" rel=\"noreferrer noopener\"><img loading=\"lazy\" decoding=\"async\" width=\"596\" height=\"841\" data-id=\"298\" src=\"https:\/\/tpame-europe.org\/wp-content\/uploads\/2024\/10\/Reponse-Cadidate-Laure-Patas-dIlliers.jpg\" alt=\"\" class=\"wp-image-298\" srcset=\"https:\/\/tpame-europe.org\/wp-content\/uploads\/2024\/10\/Reponse-Cadidate-Laure-Patas-dIlliers.jpg 596w, https:\/\/tpame-europe.org\/wp-content\/uploads\/2024\/10\/Reponse-Cadidate-Laure-Patas-dIlliers-213x300.jpg 213w\" sizes=\"auto, (max-width: 596px) 100vw, 596px\" \/><\/a><figcaption class=\"wp-element-caption\"><strong>Mme Laure Patas d&rsquo;Illiers<\/strong><\/figcaption><\/figure>\n\n\n\n<figure class=\"wp-block-image size-large\"><a href=\"https:\/\/tpame-europe.org\/wp-content\/uploads\/2024\/10\/Reponse-Candidat-Pierre-Larrouturou.jpg\" target=\"_blank\" rel=\"noreferrer noopener\"><img loading=\"lazy\" decoding=\"async\" width=\"596\" height=\"841\" data-id=\"295\" src=\"https:\/\/tpame-europe.org\/wp-content\/uploads\/2024\/10\/Reponse-Candidat-Pierre-Larrouturou.jpg\" alt=\"\" class=\"wp-image-295\" srcset=\"https:\/\/tpame-europe.org\/wp-content\/uploads\/2024\/10\/Reponse-Candidat-Pierre-Larrouturou.jpg 596w, https:\/\/tpame-europe.org\/wp-content\/uploads\/2024\/10\/Reponse-Candidat-Pierre-Larrouturou-213x300.jpg 213w\" sizes=\"auto, (max-width: 596px) 100vw, 596px\" \/><\/a><figcaption class=\"wp-element-caption\"><strong>M. Pierre Larrouturou<\/strong><\/figcaption><\/figure>\n\n\n\n<figure class=\"wp-block-image size-large\"><a href=\"https:\/\/tpame-europe.org\/wp-content\/uploads\/2024\/10\/Reponse-Candidat-Florian-Philippot-01.jpg\" target=\"_blank\" rel=\"noreferrer noopener\"><img loading=\"lazy\" decoding=\"async\" width=\"596\" height=\"841\" data-id=\"297\" src=\"https:\/\/tpame-europe.org\/wp-content\/uploads\/2024\/10\/Reponse-Candidat-Florian-Philippot-01.jpg\" alt=\"\" class=\"wp-image-297\" srcset=\"https:\/\/tpame-europe.org\/wp-content\/uploads\/2024\/10\/Reponse-Candidat-Florian-Philippot-01.jpg 596w, https:\/\/tpame-europe.org\/wp-content\/uploads\/2024\/10\/Reponse-Candidat-Florian-Philippot-01-213x300.jpg 213w\" sizes=\"auto, (max-width: 596px) 100vw, 596px\" \/><\/a><figcaption class=\"wp-element-caption\"><strong>M. Florian Philippot<\/strong> &#8211; 01<\/figcaption><\/figure>\n\n\n\n<figure class=\"wp-block-image size-large\"><a href=\"https:\/\/tpame-europe.org\/wp-content\/uploads\/2024\/10\/Reponse-Candidat-Florian-Philippot-02.jpg\" target=\"_blank\" rel=\"noreferrer noopener\"><img loading=\"lazy\" decoding=\"async\" width=\"596\" height=\"841\" data-id=\"296\" src=\"https:\/\/tpame-europe.org\/wp-content\/uploads\/2024\/10\/Reponse-Candidat-Florian-Philippot-02.jpg\" alt=\"\" class=\"wp-image-296\" srcset=\"https:\/\/tpame-europe.org\/wp-content\/uploads\/2024\/10\/Reponse-Candidat-Florian-Philippot-02.jpg 596w, https:\/\/tpame-europe.org\/wp-content\/uploads\/2024\/10\/Reponse-Candidat-Florian-Philippot-02-213x300.jpg 213w\" sizes=\"auto, (max-width: 596px) 100vw, 596px\" \/><\/a><figcaption class=\"wp-element-caption\"><strong>M. Florian Philippot<\/strong> &#8211; 02<\/figcaption><\/figure>\n<\/figure>\n\n\n\n<div style=\"height:100px\" aria-hidden=\"true\" class=\"wp-block-spacer\"><\/div>\n\n\n<div class=\"wp-block-image\">\n<figure class=\"aligncenter size-full\"><img loading=\"lazy\" decoding=\"async\" width=\"150\" height=\"150\" src=\"https:\/\/tpame-europe.org\/wp-content\/uploads\/2023\/12\/cropped-TPAME-Europe.jpg\" alt=\"\" class=\"wp-image-12\" srcset=\"https:\/\/tpame-europe.org\/wp-content\/uploads\/2023\/12\/cropped-TPAME-Europe.jpg 150w, https:\/\/tpame-europe.org\/wp-content\/uploads\/2023\/12\/cropped-TPAME-Europe-60x60.jpg 60w\" sizes=\"auto, (max-width: 150px) 100vw, 150px\" \/><\/figure>\n<\/div>\n\n\n<p><\/p>\n","protected":false},"excerpt":{"rendered":"<p>Notre association, accompagn\u00e9e par une dizaine d&rsquo;associations, collectifs et canaux d&rsquo;informations, a interpell\u00e9 les candidats t\u00eate de liste aux prochaines \u00e9lections europ\u00e9ennes qui se d\u00e9rouleront le 9 juin 2024. L&rsquo;objectif de ce courrier est de conna\u00eetre leur positionnement et leur programme face au fl\u00e9au qui gangr\u00e8ne notre pays : la p\u00e9docriminalit\u00e9. Voici le courrier que&hellip;&nbsp;<\/p>\n","protected":false},"author":1,"featured_media":0,"parent":0,"menu_order":0,"comment_status":"closed","ping_status":"closed","template":"","meta":{"neve_meta_sidebar":"","neve_meta_container":"","neve_meta_enable_content_width":"","neve_meta_content_width":0,"neve_meta_title_alignment":"","neve_meta_author_avatar":"","neve_post_elements_order":"","neve_meta_disable_header":"","neve_meta_disable_footer":"","neve_meta_disable_title":"","footnotes":""},"class_list":["post-200","page","type-page","status-publish","hentry"],"_links":{"self":[{"href":"https:\/\/tpame-europe.org\/index.php\/wp-json\/wp\/v2\/pages\/200","targetHints":{"allow":["GET"]}}],"collection":[{"href":"https:\/\/tpame-europe.org\/index.php\/wp-json\/wp\/v2\/pages"}],"about":[{"href":"https:\/\/tpame-europe.org\/index.php\/wp-json\/wp\/v2\/types\/page"}],"author":[{"embeddable":true,"href":"https:\/\/tpame-europe.org\/index.php\/wp-json\/wp\/v2\/users\/1"}],"replies":[{"embeddable":true,"href":"https:\/\/tpame-europe.org\/index.php\/wp-json\/wp\/v2\/comments?post=200"}],"version-history":[{"count":9,"href":"https:\/\/tpame-europe.org\/index.php\/wp-json\/wp\/v2\/pages\/200\/revisions"}],"predecessor-version":[{"id":305,"href":"https:\/\/tpame-europe.org\/index.php\/wp-json\/wp\/v2\/pages\/200\/revisions\/305"}],"wp:attachment":[{"href":"https:\/\/tpame-europe.org\/index.php\/wp-json\/wp\/v2\/media?parent=200"}],"curies":[{"name":"wp","href":"https:\/\/api.w.org\/{rel}","templated":true}]}}