{"id":206,"date":"2024-05-24T13:43:32","date_gmt":"2024-05-24T11:43:32","guid":{"rendered":"https:\/\/tpame-europe.org\/?page_id=206"},"modified":"2024-07-08T07:15:30","modified_gmt":"2024-07-08T05:15:30","slug":"presse","status":"publish","type":"page","link":"https:\/\/tpame-europe.org\/index.php\/presse\/","title":{"rendered":"Presse"},"content":{"rendered":"\n<p><strong>La Grande Marche Contre la P\u00e9docriminalit\u00e9<\/strong><\/p>\n\n\n\n<div class=\"wp-block-group\"><div class=\"wp-block-group__inner-container is-layout-constrained wp-block-group-is-layout-constrained\">\n<div class=\"wp-block-group is-vertical is-layout-flex wp-container-core-group-is-layout-8cf370e7 wp-block-group-is-layout-flex\">\n<p class=\"has-small-font-size\">01\/\u00a0<a href=\"https:\/\/tpame-europe.org\/wp-content\/uploads\/2024\/07\/01-La-Provence-19-fevrier-2024.jpg\" data-type=\"link\" data-id=\"https:\/\/tpame-europe.org\/wp-content\/uploads\/2024\/07\/01-La-Provence-19-fevrier-2024.jpg\" target=\"_blank\" rel=\"noreferrer noopener\">La Provence &#8211; 19 f\u00e9vrier 2024<\/a><\/p>\n\n\n\n<p class=\"has-small-font-size\">02\/\u00a0\ufe0f<a href=\"https:\/\/tpame-europe.org\/wp-content\/uploads\/2024\/07\/02-France-3-22-fevrier-2024.jpg\" data-type=\"link\" data-id=\"https:\/\/tpame-europe.org\/wp-content\/uploads\/2024\/07\/02-France-3-22-fevrier-2024.jpg\" target=\"_blank\" rel=\"noreferrer noopener\">France 3 &#8211; 22 f\u00e9vrier 2024<\/a><\/p>\n\n\n\n<p class=\"has-small-font-size\">03\/\u00a0\ufe0f<a href=\"https:\/\/tpame-europe.org\/wp-content\/uploads\/2024\/07\/03-Le-Dauphine-Libere-23-fevrier-2024.jpg\" data-type=\"link\" data-id=\"https:\/\/tpame-europe.org\/wp-content\/uploads\/2024\/07\/03-Le-Dauphine-Libere-23-fevrier-2024.jpg\" target=\"_blank\" rel=\"noreferrer noopener\">Le Dauphin\u00e9 Lib\u00e9r\u00e9 &#8211; 23 f\u00e9vrier 2024<\/a><\/p>\n\n\n\n<p class=\"has-small-font-size\">04\/\u00a0\ufe0f<a href=\"https:\/\/tpame-europe.org\/wp-content\/uploads\/2024\/07\/04-01-Cite-24-24-fevrier-2024.jpg\" data-type=\"link\" data-id=\"https:\/\/tpame-europe.org\/wp-content\/uploads\/2024\/07\/04-01-Cite-24-24-fevrier-2024.jpg\" target=\"_blank\" rel=\"noreferrer noopener\">Cit\u00e9 24 &#8211; 24 f\u00e9vrier 2024<\/a> (<a href=\"https:\/\/tpame-europe.org\/wp-content\/uploads\/2024\/07\/04-02-Cite-24-24-fevrier-2024.jpg\" data-type=\"link\" data-id=\"https:\/\/tpame-europe.org\/wp-content\/uploads\/2024\/07\/04-02-Cite-24-24-fevrier-2024.jpg\" target=\"_blank\" rel=\"noreferrer noopener\">Page 02<\/a>)<\/p>\n\n\n\n<p class=\"has-small-font-size\">05\/\u00a0\ufe0f<a href=\"https:\/\/tpame-europe.org\/wp-content\/uploads\/2024\/07\/05-La-Provence-24-fevrier-2024.jpg\" data-type=\"link\" data-id=\"https:\/\/tpame-europe.org\/wp-content\/uploads\/2024\/07\/05-La-Provence-24-fevrier-2024.jpg\" target=\"_blank\" rel=\"noreferrer noopener\">La Provence &#8211; 24 f\u00e9vrier 2024<\/a><\/p>\n\n\n\n<p class=\"has-small-font-size\">06\/\u00a0\ufe0f<a href=\"https:\/\/tpame-europe.org\/wp-content\/uploads\/2024\/07\/06-Le-Dauphine-Libere-24-fevrier-2024.jpg\" data-type=\"link\" data-id=\"https:\/\/tpame-europe.org\/wp-content\/uploads\/2024\/07\/06-Le-Dauphine-Libere-24-fevrier-2024.jpg\" target=\"_blank\" rel=\"noreferrer noopener\">Le Dauphin\u00e9 Lib\u00e9r\u00e9 &#8211; 24 f\u00e9vrier 2024<\/a><\/p>\n\n\n\n<p class=\"has-small-font-size\">07\/\u00a0\ufe0f<a href=\"https:\/\/tpame-europe.org\/wp-content\/uploads\/2024\/07\/07-Le-Tarn-Libre-27-fevrier-2024.jpg\" data-type=\"link\" data-id=\"https:\/\/tpame-europe.org\/wp-content\/uploads\/2024\/07\/07-Le-Tarn-Libre-27-fevrier-2024.jpg\" target=\"_blank\" rel=\"noreferrer noopener\">Le Tarn Libre &#8211; 27 f\u00e9vrier 2024<\/a><\/p>\n\n\n\n<p class=\"has-small-font-size\">08\/\u00a0\ufe0f<a href=\"https:\/\/tpame-europe.org\/wp-content\/uploads\/2024\/07\/08-Le-Dauphine-Libere-28-fevrier-2024.jpg\" data-type=\"link\" data-id=\"https:\/\/tpame-europe.org\/wp-content\/uploads\/2024\/07\/08-Le-Dauphine-Libere-28-fevrier-2024.jpg\" target=\"_blank\" rel=\"noreferrer noopener\">Le Dauphin\u00e9 Lib\u00e9r\u00e9 &#8211; 28 f\u00e9vrier 2024<\/a><\/p>\n\n\n\n<p class=\"has-small-font-size\">09\/\u00a0\ufe0f<a href=\"https:\/\/tpame-europe.org\/wp-content\/uploads\/2024\/07\/09-Le-Dauphine-Libere-29-fevrier-2024.jpg\" data-type=\"link\" data-id=\"https:\/\/tpame-europe.org\/wp-content\/uploads\/2024\/07\/09-Le-Dauphine-Libere-29-fevrier-2024.jpg\" target=\"_blank\" rel=\"noreferrer noopener\">Le Dauphin\u00e9 Lib\u00e9r\u00e9 &#8211; 29 f\u00e9vrier 2024<\/a><\/p>\n\n\n\n<p class=\"has-small-font-size\">10\/\u00a0\ufe0f<a href=\"https:\/\/tpame-europe.org\/wp-content\/uploads\/2024\/07\/10-Le-Progres-4-mars-2024.jpg\" data-type=\"link\" data-id=\"https:\/\/tpame-europe.org\/wp-content\/uploads\/2024\/07\/10-Le-Progres-4-mars-2024.jpg\" target=\"_blank\" rel=\"noreferrer noopener\">La Tribune &#8211; Le Progr\u00e8s &#8211; 4 mars 2024<\/a><\/p>\n\n\n\n<p class=\"has-small-font-size\">11\/\u00a0\ufe0f<a href=\"https:\/\/tpame-europe.org\/wp-content\/uploads\/2024\/07\/11-Le-Reveil-Vivarais-6-mars-2024-scaled.jpg\" data-type=\"link\" data-id=\"https:\/\/tpame-europe.org\/wp-content\/uploads\/2024\/07\/11-Le-Reveil-Vivarais-6-mars-2024-scaled.jpg\" target=\"_blank\" rel=\"noreferrer noopener\">Le R\u00e9veil Vivarais &#8211; 6 mars 2024<\/a><\/p>\n\n\n\n<p class=\"has-small-font-size\">12\/\u00a0\ufe0f<a href=\"https:\/\/tpame-europe.org\/wp-content\/uploads\/2024\/07\/12-Le-Pays-7-mars-2024.jpg\" data-type=\"link\" data-id=\"https:\/\/tpame-europe.org\/wp-content\/uploads\/2024\/07\/12-Le-Pays-7-mars-2024.jpg\" target=\"_blank\" rel=\"noreferrer noopener\">Le Pays Roannais &#8211; 7 mars 2024<\/a><\/p>\n\n\n\n<p class=\"has-small-font-size\">13\/\u00a0\ufe0f<a href=\"https:\/\/tpame-europe.org\/wp-content\/uploads\/2024\/07\/13-La-Montagne-9-mars-2024.jpg\" data-type=\"link\" data-id=\"https:\/\/tpame-europe.org\/wp-content\/uploads\/2024\/07\/13-La-Montagne-9-mars-2024.jpg\" target=\"_blank\" rel=\"noreferrer noopener\">La Montagne &#8211; 9 mars 2024<\/a><\/p>\n\n\n\n<p class=\"has-small-font-size\">14\/\u00a0\ufe0f<a href=\"https:\/\/tpame-europe.org\/wp-content\/uploads\/2024\/07\/14-Le-Journal-du-Centre-20-mars-2024.jpg\" data-type=\"link\" data-id=\"https:\/\/tpame-europe.org\/wp-content\/uploads\/2024\/07\/14-Le-Journal-du-Centre-20-mars-2024.jpg\" target=\"_blank\" rel=\"noreferrer noopener\">Le Journal du Centre &#8211; 20 mars 2024<\/a><\/p>\n\n\n\n<p class=\"has-small-font-size\">15\/\u00a0\ufe0f<a href=\"https:\/\/tpame-europe.org\/wp-content\/uploads\/2024\/07\/15-Le-Journal-de-Gien-21-mars-2024.jpg\" data-type=\"link\" data-id=\"https:\/\/tpame-europe.org\/wp-content\/uploads\/2024\/07\/15-Le-Journal-de-Gien-21-mars-2024.jpg\" target=\"_blank\" rel=\"noreferrer noopener\">Le Journal de Gien &#8211; 21 mars 2024<\/a><\/p>\n\n\n\n<p class=\"has-small-font-size\">16\/\u00a0\ufe0f<a href=\"https:\/\/tpame-europe.org\/wp-content\/uploads\/2024\/07\/16-Oise-Hebdo-27-mars-2024.jpg\" data-type=\"link\" data-id=\"https:\/\/tpame-europe.org\/wp-content\/uploads\/2024\/07\/16-Oise-Hebdo-27-mars-2024.jpg\" target=\"_blank\" rel=\"noreferrer noopener\">Oise Hebdo &#8211; 27 mars 2024<\/a><\/p>\n\n\n\n<p class=\"has-small-font-size\">17\/ <a href=\"https:\/\/tpame-europe.org\/wp-content\/uploads\/2024\/07\/17-La-voix-du-Nord-30-mars-2024.jpg\" data-type=\"link\" data-id=\"https:\/\/tpame-europe.org\/wp-content\/uploads\/2024\/07\/17-La-voix-du-Nord-30-mars-2024.jpg\" target=\"_blank\" rel=\"noreferrer noopener\">La voix du Nord &#8211; 30 mars 2024<\/a><\/p>\n<\/div>\n\n\n\n<p class=\"has-small-font-size\"><\/p>\n\n\n\n<figure class=\"wp-block-embed aligncenter is-type-video is-provider-youtube wp-block-embed-youtube wp-embed-aspect-16-9 wp-has-aspect-ratio\"><div class=\"wp-block-embed__wrapper\">\n<div class=\"nv-iframe-embed\"><iframe loading=\"lazy\" title=\"La Grande Marche Contre la P\u00e9docriminalit\u00e9. Interview de Farid Dms Debah par Karl Z\u00e9ro\" width=\"1200\" height=\"675\" src=\"https:\/\/www.youtube.com\/embed\/6_03rY_5bt0?feature=oembed\" frameborder=\"0\" allow=\"accelerometer; autoplay; clipboard-write; encrypted-media; gyroscope; picture-in-picture; web-share\" referrerpolicy=\"strict-origin-when-cross-origin\" allowfullscreen><\/iframe><\/div>\n<\/div><\/figure>\n\n\n\n<div style=\"height:100px\" aria-hidden=\"true\" class=\"wp-block-spacer\"><\/div>\n\n\n<div class=\"wp-block-image\">\n<figure class=\"aligncenter size-full\"><img loading=\"lazy\" decoding=\"async\" width=\"150\" height=\"150\" src=\"https:\/\/tpame-europe.org\/wp-content\/uploads\/2023\/12\/cropped-TPAME-Europe.jpg\" alt=\"\" class=\"wp-image-12\" srcset=\"https:\/\/tpame-europe.org\/wp-content\/uploads\/2023\/12\/cropped-TPAME-Europe.jpg 150w, https:\/\/tpame-europe.org\/wp-content\/uploads\/2023\/12\/cropped-TPAME-Europe-60x60.jpg 60w\" sizes=\"auto, (max-width: 150px) 100vw, 150px\" \/><\/figure>\n<\/div><\/div><\/div>\n","protected":false},"excerpt":{"rendered":"<p>La Grande Marche Contre la P\u00e9docriminalit\u00e9 01\/\u00a0La Provence &#8211; 19 f\u00e9vrier 2024 02\/\u00a0\ufe0fFrance 3 &#8211; 22 f\u00e9vrier 2024 03\/\u00a0\ufe0fLe Dauphin\u00e9 Lib\u00e9r\u00e9 &#8211; 23 f\u00e9vrier 2024 04\/\u00a0\ufe0fCit\u00e9 24 &#8211; 24 f\u00e9vrier 2024 (Page 02) 05\/\u00a0\ufe0fLa Provence &#8211; 24 f\u00e9vrier 2024 06\/\u00a0\ufe0fLe Dauphin\u00e9 Lib\u00e9r\u00e9 &#8211; 24 f\u00e9vrier 2024 07\/\u00a0\ufe0fLe Tarn Libre &#8211; 27 f\u00e9vrier 2024 08\/\u00a0\ufe0fLe Dauphin\u00e9&hellip;&nbsp;<\/p>\n","protected":false},"author":1,"featured_media":0,"parent":0,"menu_order":0,"comment_status":"closed","ping_status":"closed","template":"","meta":{"neve_meta_sidebar":"","neve_meta_container":"","neve_meta_enable_content_width":"","neve_meta_content_width":0,"neve_meta_title_alignment":"","neve_meta_author_avatar":"","neve_post_elements_order":"","neve_meta_disable_header":"","neve_meta_disable_footer":"","neve_meta_disable_title":"","footnotes":""},"class_list":["post-206","page","type-page","status-publish","hentry"],"_links":{"self":[{"href":"https:\/\/tpame-europe.org\/index.php\/wp-json\/wp\/v2\/pages\/206","targetHints":{"allow":["GET"]}}],"collection":[{"href":"https:\/\/tpame-europe.org\/index.php\/wp-json\/wp\/v2\/pages"}],"about":[{"href":"https:\/\/tpame-europe.org\/index.php\/wp-json\/wp\/v2\/types\/page"}],"author":[{"embeddable":true,"href":"https:\/\/tpame-europe.org\/index.php\/wp-json\/wp\/v2\/users\/1"}],"replies":[{"embeddable":true,"href":"https:\/\/tpame-europe.org\/index.php\/wp-json\/wp\/v2\/comments?post=206"}],"version-history":[{"count":4,"href":"https:\/\/tpame-europe.org\/index.php\/wp-json\/wp\/v2\/pages\/206\/revisions"}],"predecessor-version":[{"id":236,"href":"https:\/\/tpame-europe.org\/index.php\/wp-json\/wp\/v2\/pages\/206\/revisions\/236"}],"wp:attachment":[{"href":"https:\/\/tpame-europe.org\/index.php\/wp-json\/wp\/v2\/media?parent=206"}],"curies":[{"name":"wp","href":"https:\/\/api.w.org\/{rel}","templated":true}]}}